{"id":64,"date":"2015-10-14T11:40:31","date_gmt":"2015-10-14T09:40:31","guid":{"rendered":"http:\/\/www.admofvg.it\/site\/?page_id=64"},"modified":"2024-11-18T19:05:36","modified_gmt":"2024-11-18T18:05:36","slug":"testimonial","status":"publish","type":"page","link":"https:\/\/www.admofvg.it\/site\/testimonial\/","title":{"rendered":"Testimonial"},"content":{"rendered":"\t\t<div data-elementor-type=\"wp-page\" data-elementor-id=\"64\" class=\"elementor elementor-64\">\n\t\t\t\t<div class=\"elementor-element elementor-element-be0e2c9 e-flex e-con-boxed e-con e-parent\" data-id=\"be0e2c9\" data-element_type=\"container\" data-e-type=\"container\">\n\t\t\t\t\t<div class=\"e-con-inner\">\n\t\t\t\t<div class=\"elementor-element elementor-element-be87c18 elementor-widget elementor-widget-text-editor\" data-id=\"be87c18\" data-element_type=\"widget\" data-e-type=\"widget\" data-widget_type=\"text-editor.default\">\n\t\t\t\t<div class=\"elementor-widget-container\">\n\t\t\t\t\t\t\t\t\t<p>Ci sono molti sportivi, grandi campioni, splendidi nomi negli albi d\u2019oro delle Olimpiadi. Ancora in attivit\u00e0. E ci sono anche attori, cantanti, personaggi dello spettacolo in genere. Qualcuno di loro ha gi\u00e0 effettuato una donazione di midollo osseo e poi \u00e8 tornato alla normale attivit\u00e0. Ma tutti gli altri sono pronti a rispondere positivamente nel momento in cui dovessero ricevere la richiesta di presentarsi in ospedale per donare il loro midollo osseo, poich\u00e9 \u2013 in qualche parte del mondo \u2013 c\u2019\u00e8 qualcuno che sta aspettando di ricevere proprio le sue cellule staminali emopoietiche.<\/p>\t\t\t\t\t\t\t\t<\/div>\n\t\t\t\t<\/div>\n\t\t\t\t\t<\/div>\n\t\t\t\t<\/div>\n\t\t<div class=\"elementor-element elementor-element-87f5f18 e-flex e-con-boxed e-con e-parent\" data-id=\"87f5f18\" data-element_type=\"container\" data-e-type=\"container\">\n\t\t\t\t\t<div class=\"e-con-inner\">\n\t\t\t\t<div class=\"elementor-element elementor-element-5aaadb7d elementor-widget elementor-widget-text-editor\" data-id=\"5aaadb7d\" data-element_type=\"widget\" data-e-type=\"widget\" data-widget_type=\"text-editor.default\">\n\t\t\t\t<div class=\"elementor-widget-container\">\n\t\t\t\t\t\t\t\t\t<p><\/p><blockquote><p>La peculiarit\u00e0 distintiva dei testimonial ADMO consiste nel fatto che ognuno di loro, prima di diventare personaggio- immagine di ADMO, viene tipizzato, per entrare cos\u00ec nel Registro Italiano Donatori Midollo Osseo. Il testimonial ADMO \u00e8 dunque un donatore (effettivo o potenziale) che molto pu\u00f2 fare, in termini di comunicazione di s\u00e9 e dunque del progetto ADMO per incentivare la donazione di midollo osseo.<\/p><\/blockquote>\t\t\t\t\t\t\t\t<\/div>\n\t\t\t\t<\/div>\n\t\t\t\t\t<\/div>\n\t\t\t\t<\/div>\n\t\t<div class=\"elementor-element elementor-element-3b21f77 e-flex e-con-boxed e-con e-parent\" data-id=\"3b21f77\" data-element_type=\"container\" data-e-type=\"container\">\n\t\t\t\t\t<div class=\"e-con-inner\">\n\t\t\t\t<div class=\"elementor-element elementor-element-e8b7a37 elementor-widget elementor-widget-spacer\" data-id=\"e8b7a37\" data-element_type=\"widget\" data-e-type=\"widget\" data-widget_type=\"spacer.default\">\n\t\t\t\t<div class=\"elementor-widget-container\">\n\t\t\t\t\t\t\t<div class=\"elementor-spacer\">\n\t\t\t<div class=\"elementor-spacer-inner\"><\/div>\n\t\t<\/div>\n\t\t\t\t\t\t<\/div>\n\t\t\t\t<\/div>\n\t\t\t\t\t<\/div>\n\t\t\t\t<\/div>\n\t\t\t\t<\/div>\n\t\t","protected":false},"excerpt":{"rendered":"<p>Ci sono molti sportivi, grandi campioni, splendidi nomi negli albi d\u2019oro delle Olimpiadi. Ancora in attivit\u00e0. E ci sono anche attori, cantanti, personaggi dello spettacolo in genere. Qualcuno di loro ha gi\u00e0 effettuato una donazione di midollo osseo e poi \u00e8 tornato alla normale attivit\u00e0. Ma tutti gli altri sono [&hellip;]<\/p>\n","protected":false},"author":1,"featured_media":0,"parent":0,"menu_order":10,"comment_status":"closed","ping_status":"closed","template":"","meta":{"_monsterinsights_skip_tracking":false,"_monsterinsights_sitenote_active":false,"_monsterinsights_sitenote_note":"","_monsterinsights_sitenote_category":0,"footnotes":""},"class_list":["post-64","page","type-page","status-publish","hentry"],"yoast_head":"<!-- This site is optimized with the Yoast SEO plugin v27.6 - https:\/\/yoast.com\/product\/yoast-seo-wordpress\/ -->\n<title>Testimonial - ADMO FVG<\/title>\n<meta name=\"robots\" content=\"index, follow, max-snippet:-1, max-image-preview:large, max-video-preview:-1\" \/>\n<link rel=\"canonical\" href=\"https:\/\/www.admofvg.it\/site\/testimonial\/\" \/>\n<meta property=\"og:locale\" content=\"it_IT\" \/>\n<meta property=\"og:type\" content=\"article\" \/>\n<meta property=\"og:title\" content=\"Testimonial - ADMO FVG\" \/>\n<meta property=\"og:description\" content=\"Ci sono molti sportivi, grandi campioni, splendidi nomi negli albi d\u2019oro delle Olimpiadi. Ancora in attivit\u00e0. E ci sono anche attori, cantanti, personaggi dello spettacolo in genere. Qualcuno di loro ha gi\u00e0 effettuato una donazione di midollo osseo e poi \u00e8 tornato alla normale attivit\u00e0. Ma tutti gli altri sono [&hellip;]\" \/>\n<meta property=\"og:url\" content=\"https:\/\/www.admofvg.it\/site\/testimonial\/\" \/>\n<meta property=\"og:site_name\" content=\"ADMO FVG\" \/>\n<meta property=\"article:publisher\" content=\"https:\/\/it-it.facebook.com\/admo.friuliveneziagiulia\/\" \/>\n<meta property=\"article:modified_time\" content=\"2024-11-18T18:05:36+00:00\" \/>\n<meta name=\"twitter:card\" content=\"summary_large_image\" \/>\n<meta name=\"twitter:label1\" content=\"Tempo di lettura stimato\" \/>\n\t<meta name=\"twitter:data1\" content=\"1 minuto\" \/>\n<script type=\"application\/ld+json\" class=\"yoast-schema-graph\">{\"@context\":\"https:\\\/\\\/schema.org\",\"@graph\":[{\"@type\":\"WebPage\",\"@id\":\"https:\\\/\\\/www.admofvg.it\\\/site\\\/testimonial\\\/\",\"url\":\"https:\\\/\\\/www.admofvg.it\\\/site\\\/testimonial\\\/\",\"name\":\"Testimonial - ADMO FVG\",\"isPartOf\":{\"@id\":\"https:\\\/\\\/www.admofvg.it\\\/site\\\/#website\"},\"datePublished\":\"2015-10-14T09:40:31+00:00\",\"dateModified\":\"2024-11-18T18:05:36+00:00\",\"breadcrumb\":{\"@id\":\"https:\\\/\\\/www.admofvg.it\\\/site\\\/testimonial\\\/#breadcrumb\"},\"inLanguage\":\"it-IT\",\"potentialAction\":[{\"@type\":\"ReadAction\",\"target\":[\"https:\\\/\\\/www.admofvg.it\\\/site\\\/testimonial\\\/\"]}]},{\"@type\":\"BreadcrumbList\",\"@id\":\"https:\\\/\\\/www.admofvg.it\\\/site\\\/testimonial\\\/#breadcrumb\",\"itemListElement\":[{\"@type\":\"ListItem\",\"position\":1,\"name\":\"Home\",\"item\":\"https:\\\/\\\/www.admofvg.it\\\/site\\\/\"},{\"@type\":\"ListItem\",\"position\":2,\"name\":\"Testimonial\"}]},{\"@type\":\"WebSite\",\"@id\":\"https:\\\/\\\/www.admofvg.it\\\/site\\\/#website\",\"url\":\"https:\\\/\\\/www.admofvg.it\\\/site\\\/\",\"name\":\"ADMO FVG\",\"description\":\"ADMO Friuli Venezia Giulia\",\"potentialAction\":[{\"@type\":\"SearchAction\",\"target\":{\"@type\":\"EntryPoint\",\"urlTemplate\":\"https:\\\/\\\/www.admofvg.it\\\/site\\\/?s={search_term_string}\"},\"query-input\":{\"@type\":\"PropertyValueSpecification\",\"valueRequired\":true,\"valueName\":\"search_term_string\"}}],\"inLanguage\":\"it-IT\"}]}<\/script>\n<!-- \/ Yoast SEO plugin. -->","yoast_head_json":{"title":"Testimonial - ADMO FVG","robots":{"index":"index","follow":"follow","max-snippet":"max-snippet:-1","max-image-preview":"max-image-preview:large","max-video-preview":"max-video-preview:-1"},"canonical":"https:\/\/www.admofvg.it\/site\/testimonial\/","og_locale":"it_IT","og_type":"article","og_title":"Testimonial - ADMO FVG","og_description":"Ci sono molti sportivi, grandi campioni, splendidi nomi negli albi d\u2019oro delle Olimpiadi. Ancora in attivit\u00e0. E ci sono anche attori, cantanti, personaggi dello spettacolo in genere. Qualcuno di loro ha gi\u00e0 effettuato una donazione di midollo osseo e poi \u00e8 tornato alla normale attivit\u00e0. Ma tutti gli altri sono [&hellip;]","og_url":"https:\/\/www.admofvg.it\/site\/testimonial\/","og_site_name":"ADMO FVG","article_publisher":"https:\/\/it-it.facebook.com\/admo.friuliveneziagiulia\/","article_modified_time":"2024-11-18T18:05:36+00:00","twitter_card":"summary_large_image","twitter_misc":{"Tempo di lettura stimato":"1 minuto"},"schema":{"@context":"https:\/\/schema.org","@graph":[{"@type":"WebPage","@id":"https:\/\/www.admofvg.it\/site\/testimonial\/","url":"https:\/\/www.admofvg.it\/site\/testimonial\/","name":"Testimonial - ADMO FVG","isPartOf":{"@id":"https:\/\/www.admofvg.it\/site\/#website"},"datePublished":"2015-10-14T09:40:31+00:00","dateModified":"2024-11-18T18:05:36+00:00","breadcrumb":{"@id":"https:\/\/www.admofvg.it\/site\/testimonial\/#breadcrumb"},"inLanguage":"it-IT","potentialAction":[{"@type":"ReadAction","target":["https:\/\/www.admofvg.it\/site\/testimonial\/"]}]},{"@type":"BreadcrumbList","@id":"https:\/\/www.admofvg.it\/site\/testimonial\/#breadcrumb","itemListElement":[{"@type":"ListItem","position":1,"name":"Home","item":"https:\/\/www.admofvg.it\/site\/"},{"@type":"ListItem","position":2,"name":"Testimonial"}]},{"@type":"WebSite","@id":"https:\/\/www.admofvg.it\/site\/#website","url":"https:\/\/www.admofvg.it\/site\/","name":"ADMO FVG","description":"ADMO Friuli Venezia Giulia","potentialAction":[{"@type":"SearchAction","target":{"@type":"EntryPoint","urlTemplate":"https:\/\/www.admofvg.it\/site\/?s={search_term_string}"},"query-input":{"@type":"PropertyValueSpecification","valueRequired":true,"valueName":"search_term_string"}}],"inLanguage":"it-IT"}]}},"_links":{"self":[{"href":"https:\/\/www.admofvg.it\/site\/wp-json\/wp\/v2\/pages\/64","targetHints":{"allow":["GET"]}}],"collection":[{"href":"https:\/\/www.admofvg.it\/site\/wp-json\/wp\/v2\/pages"}],"about":[{"href":"https:\/\/www.admofvg.it\/site\/wp-json\/wp\/v2\/types\/page"}],"author":[{"embeddable":true,"href":"https:\/\/www.admofvg.it\/site\/wp-json\/wp\/v2\/users\/1"}],"replies":[{"embeddable":true,"href":"https:\/\/www.admofvg.it\/site\/wp-json\/wp\/v2\/comments?post=64"}],"version-history":[{"count":15,"href":"https:\/\/www.admofvg.it\/site\/wp-json\/wp\/v2\/pages\/64\/revisions"}],"predecessor-version":[{"id":2221,"href":"https:\/\/www.admofvg.it\/site\/wp-json\/wp\/v2\/pages\/64\/revisions\/2221"}],"wp:attachment":[{"href":"https:\/\/www.admofvg.it\/site\/wp-json\/wp\/v2\/media?parent=64"}],"curies":[{"name":"wp","href":"https:\/\/api.w.org\/{rel}","templated":true}]}}