{"id":337,"date":"2016-05-25T12:25:59","date_gmt":"2016-05-25T10:25:59","guid":{"rendered":"http:\/\/www.admofvg.it\/site\/?page_id=337"},"modified":"2016-05-25T14:44:57","modified_gmt":"2016-05-25T12:44:57","slug":"cookies","status":"publish","type":"page","link":"https:\/\/www.admofvg.it\/site\/cookies\/","title":{"rendered":"Cookies"},"content":{"rendered":"<div class=\"post_content clearfix\">\n<h1 class=\"title\">Trattamento dei cookies<\/h1>\n<p>Il Titolare del trattamento dei dati personali, informa che questo Sito internet fa uso di cookies, al fine di rendere i propri servizi il pi\u00f9 possibile efficienti e semplici da utilizzare. Pertanto, quando si visita il Sito, viene inserita una quantit\u00e0 minima di informazioni nel dispositivo dell\u2019Utente, come piccoli file di testo chiamati \u201ccookie\u201d, che vengono salvati nella directory del browser Web dell\u2019Utente. Esistono diversi tipi di cookie, ma sostanzialmente lo scopo principale di un cookie \u00e8 quello di far funzionare pi\u00f9 efficacemente il Sito e di abilitarne determinate funzionalit\u00e0. I cookie sono utilizzati per migliorare la navigazione globale dell\u2019Utente. In particolare:<\/p>\n<ul>\n<li>Consentono di navigare in modo efficiente da una pagina all\u2019altra del sito Web.<\/li>\n<li>Memorizzano il nome utente e le preferenze inserite.<\/li>\n<li>Consentono di evitare di inserire le stesse informazioni (come nome utente e password) pi\u00f9 volte durante la visita.<\/li>\n<li>Misurano l\u2019utilizzo dei servizi da parte degli Utenti, per ottimizzare l\u2019esperienza di navigazione e i servizi stessi.<\/li>\n<li>Presentano informazioni pubblicitarie mirate in funzione degli interessi e del comportamento manifestato dall\u2019Utente durante la navigazione<\/li>\n<\/ul>\n<p>Esistono vari tipi di cookie. Qui di seguito sono riportati i tipi di cookie che possono essere utilizzati nel Sito con una descrizione della finalit\u00e0 legata all\u2019uso<\/p>\n<table class=\"tb01\" border=\"0\" width=\"804\" cellspacing=\"0\" cellpadding=\"0\">\n<tbody>\n<tr>\n<th width=\"270\">Finalit\u00e0<\/th>\n<\/tr>\n<tr>\n<td width=\"270\"><strong>Cookie tecnici<br \/>\n<\/strong>I cookie di questo tipo sono necessari per il corretto funzionamento di alcune aree del sito.<br \/>\nI cookie di questa categoria comprendono sia cookie persistenti che cookie di sessione. In assenza di tali cookie, il sito o alcune porzioni di esso potrebbero non funzionare correttamente. Pertanto, vengono sempre utilizzati, indipendentemente dalle preferenze dall\u2019utente. I cookie di questa categoria vengono sempre inviati dal nostro dominio.<\/td>\n<\/tr>\n<tr>\n<td width=\"270\"><strong>Cookie analitici<br \/>\n<\/strong>I cookie di questo tipo vengono utilizzati per raccogliere informazioni sull\u2019utilizzo del sito. Il Titolare usa tali informazioni per analisi statistiche, per migliorare il sito e semplificarne l\u2019utilizzo, oltre che per monitorarne il corretto funzionamento. Questo tipo di cookie raccoglie informazioni in forma anonima sull\u2019attivit\u00e0 degli utenti nel sito e sul modo in cui sono arrivati al Sito e alle pagine visitate. I cookie di questa categoria vengono inviati dal Sito stesso o da domini di terze parti.<\/td>\n<\/tr>\n<tr>\n<td width=\"270\"><strong>Cookie di\u00a0<\/strong><strong>rilevamento\u00a0<\/strong><strong>di\u00a0<\/strong><strong>terze parti<br \/>\n<\/strong>I cookie di questo tipo vengono utilizzati per raccogliere informazioni sull\u2019utilizzo del sito Web da parte dei visitatori, le parole chiave usate per raggiungere il sito, i siti Web visitati e le origini del traffico da cui provengono i visitatori per le campagne di marketing. Il titolare pu\u00f2 utilizzare tali informazioni per compilare rapporti e migliorare il Sito. I cookie raccolgono informazioni in forma anonima. I cookie di questo tipo vengono inviati dal Sito stesso o da domini di terze parti.<\/td>\n<\/tr>\n<tr>\n<td width=\"270\"><strong>Cookie per\u00a0<\/strong><strong>l\u2019integrazione\u00a0<\/strong><strong>di\u00a0<\/strong><strong>funzionalit\u00e0\u00a0<\/strong><strong>di terze parti<br \/>\n<\/strong>I cookie di questo tipo vengono utilizzati per integrare funzionalit\u00e0 di terze parti nel Sito (ad esempio, moduli per i commenti o icone di social network che consentono ai visitatori di condividere il contenuto del sito). I cookie di questa categoria possono essere inviati dai domini dei siti partner o che comunque offrono le funzionalit\u00e0 presenti nel sito.<\/td>\n<\/tr>\n<\/tbody>\n<\/table>\n<p>Il titolare precisa che non \u00e8 tenuto a richiedere il consenso dell\u2019utente per i cookie tecnici, poich\u00e9 questi sono strettamente necessari per la fornitura del servizio.<\/p>\n<p>Per le altre tipologie di cookie, il consenso pu\u00f2 essere espresso dall\u2019Utente, conformemente alla normativa vigente, mediante specifiche configurazioni del browser e di programmi informatici o di dispositivi che siano di facile e chiara utilizzabilit\u00e0 per l\u2019Utente. A tal proposito, ilTitolare del trattamento, ricorda all\u2019Utente che \u00e8 possibile modificare le preferenze relative ai cookie in qualsiasi momento. \u00c8 anche possibile disabilitare in qualsiasi momento i cookie dal browser, ma questa operazione potrebbe impedire all\u2019Utente di utilizzare alcune parti del Sito.<\/p>\n<h3>Siti Web di terze parti<\/h3>\n<p>Il sito contiene collegamenti ad altri siti Web che dispongono di una propria informativa sulla privacy. Queste informative sulla privacy possono essere diverse da quella adottata dal titolare della privacy, che quindi non risponde per Siti di terze parti. Il sito potrebbe utilizzareanche lo strumento di remarketing Google Adwords. Questo strumento consente di pubblicare annunci personalizzati in base alle visite degli utenti al nostro sito.<\/p>\n<p>Per questo alcune pagine del sito includono un codice definito \u201ccodice remarketing\u201d. Questo codice permette di leggere e configurare i cookie del browser al fine di determinare quale tipo di annuncio visualizzerai, in funzione dei dati relativi alla tu visita al sito, quali per esempio il circuito di navigazione scelto, le pagine effettivamente visitate o le azioni compiute all\u2019interno delle stesse.<\/p>\n<p>Le liste di remarketing cos\u00ec create sono conservate in un database dei server di Google in cui si conservano tutti gli ID dei cookie associati ad ogni lista o categoria di interessi. Le informazioni ottenute consentono di identificare solo il browser, dato che con queste informazioni Google non \u00e8 in grado di identificare l\u2019utente.<\/p>\n<p>Per maggiori informazioni sul Remarketing di Google \u00e8 possibile visitare la pagina<a href=\"https:\/\/support.google.com\/adwords\/answer\/2454000?hl=it&amp;ref_topic=2677326\">https:\/\/support.google.com\/adwords\/answer\/2454000?hl=it&amp;ref_topic=2677326<\/a><\/p>\n<p>Per maggiori informazioni sulle Norme e Principi Google per la Privacy \u00e8 possibile visitare la pagina<a href=\"http:\/\/www.google.it\/policies\/technologies\/ads\/\">http:\/\/www.google.it\/policies\/technologies\/ads\/<\/a><\/p>\n<p>L\u2019autorizzazione alla raccolta e all\u2019archiviazione dei dati pu\u00f2 essere revocata in qualsiasi momento. L\u2019utente pu\u00f2 disattivare l\u2019utilizzo dei cookie da parte di Google attraverso le specifiche opzioni di impostazione dei diversi browser. Per maggiori informazioni:<\/p>\n<p><a href=\"http:\/\/www.google.com\/settings\/ads\/onweb\/?hl=it\">Gestione preferenze annunci<\/a><\/p>\n<p><a href=\"http:\/\/www.networkadvertising.org\/choices\/\">Norme per la disattivazione della Behavioral Advertising<\/a><\/p>\n<p><a href=\"https:\/\/tools.google.com\/dlpage\/gaoptout\/\">Add-on per disattivare Google Analytics<\/a><\/p>\n<p>Si ricorda, infine, che, ai sensi dell\u2019art. 122 secondo comma del D.lgs. 196\/2003, il consenso all\u2019utilizzo di tali cookie \u00e8 espresso dall\u2019interessato mediante il settaggio individuale che ha scelto liberamente per il browser utilizzato per la navigazione nel sito, ferma restando la facolt\u00e0 dell\u2019utente di comunicare in ogni momento al Titolare del trattamento la propria volont\u00e0 in merito ai dati gestiti per il tramite dei cookie che il browser stesso abbia accettato.<\/p>\n<\/div>\n","protected":false},"excerpt":{"rendered":"<p>Trattamento dei cookies Il Titolare del trattamento dei dati personali, informa che questo Sito internet fa uso di cookies, al fine di rendere i propri servizi il pi\u00f9 possibile efficienti e semplici da utilizzare. Pertanto, quando si visita il Sito, viene inserita una quantit\u00e0 minima di informazioni nel dispositivo dell\u2019Utente, [&hellip;]<\/p>\n","protected":false},"author":1,"featured_media":0,"parent":0,"menu_order":0,"comment_status":"closed","ping_status":"closed","template":"","meta":{"_monsterinsights_skip_tracking":false,"_monsterinsights_sitenote_active":false,"_monsterinsights_sitenote_note":"","_monsterinsights_sitenote_category":0,"footnotes":""},"class_list":["post-337","page","type-page","status-publish","hentry"],"yoast_head":"<!-- This site is optimized with the Yoast SEO plugin v27.5 - https:\/\/yoast.com\/product\/yoast-seo-wordpress\/ -->\n<title>Cookies - ADMO FVG<\/title>\n<meta name=\"robots\" content=\"index, follow, max-snippet:-1, max-image-preview:large, max-video-preview:-1\" \/>\n<link rel=\"canonical\" href=\"https:\/\/www.admofvg.it\/site\/cookies\/\" \/>\n<meta property=\"og:locale\" content=\"it_IT\" \/>\n<meta property=\"og:type\" content=\"article\" \/>\n<meta property=\"og:title\" content=\"Cookies - ADMO FVG\" \/>\n<meta property=\"og:description\" content=\"Trattamento dei cookies Il Titolare del trattamento dei dati personali, informa che questo Sito internet fa uso di cookies, al fine di rendere i propri servizi il pi\u00f9 possibile efficienti e semplici da utilizzare. Pertanto, quando si visita il Sito, viene inserita una quantit\u00e0 minima di informazioni nel dispositivo dell\u2019Utente, [&hellip;]\" \/>\n<meta property=\"og:url\" content=\"https:\/\/www.admofvg.it\/site\/cookies\/\" \/>\n<meta property=\"og:site_name\" content=\"ADMO FVG\" \/>\n<meta property=\"article:publisher\" content=\"https:\/\/it-it.facebook.com\/admo.friuliveneziagiulia\/\" \/>\n<meta property=\"article:modified_time\" content=\"2016-05-25T12:44:57+00:00\" \/>\n<meta name=\"twitter:card\" content=\"summary_large_image\" \/>\n<meta name=\"twitter:label1\" content=\"Tempo di lettura stimato\" \/>\n\t<meta name=\"twitter:data1\" content=\"5 minuti\" \/>\n<script type=\"application\/ld+json\" class=\"yoast-schema-graph\">{\"@context\":\"https:\\\/\\\/schema.org\",\"@graph\":[{\"@type\":\"WebPage\",\"@id\":\"https:\\\/\\\/www.admofvg.it\\\/site\\\/cookies\\\/\",\"url\":\"https:\\\/\\\/www.admofvg.it\\\/site\\\/cookies\\\/\",\"name\":\"Cookies - ADMO FVG\",\"isPartOf\":{\"@id\":\"https:\\\/\\\/www.admofvg.it\\\/site\\\/#website\"},\"datePublished\":\"2016-05-25T10:25:59+00:00\",\"dateModified\":\"2016-05-25T12:44:57+00:00\",\"breadcrumb\":{\"@id\":\"https:\\\/\\\/www.admofvg.it\\\/site\\\/cookies\\\/#breadcrumb\"},\"inLanguage\":\"it-IT\",\"potentialAction\":[{\"@type\":\"ReadAction\",\"target\":[\"https:\\\/\\\/www.admofvg.it\\\/site\\\/cookies\\\/\"]}]},{\"@type\":\"BreadcrumbList\",\"@id\":\"https:\\\/\\\/www.admofvg.it\\\/site\\\/cookies\\\/#breadcrumb\",\"itemListElement\":[{\"@type\":\"ListItem\",\"position\":1,\"name\":\"Home\",\"item\":\"https:\\\/\\\/www.admofvg.it\\\/site\\\/\"},{\"@type\":\"ListItem\",\"position\":2,\"name\":\"Cookies\"}]},{\"@type\":\"WebSite\",\"@id\":\"https:\\\/\\\/www.admofvg.it\\\/site\\\/#website\",\"url\":\"https:\\\/\\\/www.admofvg.it\\\/site\\\/\",\"name\":\"ADMO FVG\",\"description\":\"ADMO Friuli Venezia Giulia\",\"potentialAction\":[{\"@type\":\"SearchAction\",\"target\":{\"@type\":\"EntryPoint\",\"urlTemplate\":\"https:\\\/\\\/www.admofvg.it\\\/site\\\/?s={search_term_string}\"},\"query-input\":{\"@type\":\"PropertyValueSpecification\",\"valueRequired\":true,\"valueName\":\"search_term_string\"}}],\"inLanguage\":\"it-IT\"}]}<\/script>\n<!-- \/ Yoast SEO plugin. -->","yoast_head_json":{"title":"Cookies - ADMO FVG","robots":{"index":"index","follow":"follow","max-snippet":"max-snippet:-1","max-image-preview":"max-image-preview:large","max-video-preview":"max-video-preview:-1"},"canonical":"https:\/\/www.admofvg.it\/site\/cookies\/","og_locale":"it_IT","og_type":"article","og_title":"Cookies - ADMO FVG","og_description":"Trattamento dei cookies Il Titolare del trattamento dei dati personali, informa che questo Sito internet fa uso di cookies, al fine di rendere i propri servizi il pi\u00f9 possibile efficienti e semplici da utilizzare. Pertanto, quando si visita il Sito, viene inserita una quantit\u00e0 minima di informazioni nel dispositivo dell\u2019Utente, [&hellip;]","og_url":"https:\/\/www.admofvg.it\/site\/cookies\/","og_site_name":"ADMO FVG","article_publisher":"https:\/\/it-it.facebook.com\/admo.friuliveneziagiulia\/","article_modified_time":"2016-05-25T12:44:57+00:00","twitter_card":"summary_large_image","twitter_misc":{"Tempo di lettura stimato":"5 minuti"},"schema":{"@context":"https:\/\/schema.org","@graph":[{"@type":"WebPage","@id":"https:\/\/www.admofvg.it\/site\/cookies\/","url":"https:\/\/www.admofvg.it\/site\/cookies\/","name":"Cookies - ADMO FVG","isPartOf":{"@id":"https:\/\/www.admofvg.it\/site\/#website"},"datePublished":"2016-05-25T10:25:59+00:00","dateModified":"2016-05-25T12:44:57+00:00","breadcrumb":{"@id":"https:\/\/www.admofvg.it\/site\/cookies\/#breadcrumb"},"inLanguage":"it-IT","potentialAction":[{"@type":"ReadAction","target":["https:\/\/www.admofvg.it\/site\/cookies\/"]}]},{"@type":"BreadcrumbList","@id":"https:\/\/www.admofvg.it\/site\/cookies\/#breadcrumb","itemListElement":[{"@type":"ListItem","position":1,"name":"Home","item":"https:\/\/www.admofvg.it\/site\/"},{"@type":"ListItem","position":2,"name":"Cookies"}]},{"@type":"WebSite","@id":"https:\/\/www.admofvg.it\/site\/#website","url":"https:\/\/www.admofvg.it\/site\/","name":"ADMO FVG","description":"ADMO Friuli Venezia Giulia","potentialAction":[{"@type":"SearchAction","target":{"@type":"EntryPoint","urlTemplate":"https:\/\/www.admofvg.it\/site\/?s={search_term_string}"},"query-input":{"@type":"PropertyValueSpecification","valueRequired":true,"valueName":"search_term_string"}}],"inLanguage":"it-IT"}]}},"_links":{"self":[{"href":"https:\/\/www.admofvg.it\/site\/wp-json\/wp\/v2\/pages\/337","targetHints":{"allow":["GET"]}}],"collection":[{"href":"https:\/\/www.admofvg.it\/site\/wp-json\/wp\/v2\/pages"}],"about":[{"href":"https:\/\/www.admofvg.it\/site\/wp-json\/wp\/v2\/types\/page"}],"author":[{"embeddable":true,"href":"https:\/\/www.admofvg.it\/site\/wp-json\/wp\/v2\/users\/1"}],"replies":[{"embeddable":true,"href":"https:\/\/www.admofvg.it\/site\/wp-json\/wp\/v2\/comments?post=337"}],"version-history":[{"count":4,"href":"https:\/\/www.admofvg.it\/site\/wp-json\/wp\/v2\/pages\/337\/revisions"}],"predecessor-version":[{"id":342,"href":"https:\/\/www.admofvg.it\/site\/wp-json\/wp\/v2\/pages\/337\/revisions\/342"}],"wp:attachment":[{"href":"https:\/\/www.admofvg.it\/site\/wp-json\/wp\/v2\/media?parent=337"}],"curies":[{"name":"wp","href":"https:\/\/api.w.org\/{rel}","templated":true}]}}