{"id":2,"date":"2015-10-12T12:38:09","date_gmt":"2015-10-12T10:38:09","guid":{"rendered":"http:\/\/www.admofvg.it\/site\/?page_id=2"},"modified":"2024-11-14T17:55:24","modified_gmt":"2024-11-14T16:55:24","slug":"chi-siamo","status":"publish","type":"page","link":"https:\/\/www.admofvg.it\/site\/chi-siamo\/","title":{"rendered":"Chi Siamo"},"content":{"rendered":"\t\t<div data-elementor-type=\"wp-page\" data-elementor-id=\"2\" class=\"elementor elementor-2\">\n\t\t\t\t<div class=\"elementor-element elementor-element-1c2a604d e-flex e-con-boxed e-con e-parent\" data-id=\"1c2a604d\" data-element_type=\"container\" data-e-type=\"container\">\n\t\t\t\t\t<div class=\"e-con-inner\">\n\t\t\t\t<div class=\"elementor-element elementor-element-10eb7cfe elementor-widget elementor-widget-text-editor\" data-id=\"10eb7cfe\" data-element_type=\"widget\" data-e-type=\"widget\" data-widget_type=\"text-editor.default\">\n\t\t\t\t<div class=\"elementor-widget-container\">\n\t\t\t\t\t\t\t\t\t<h3>ADMO Friuli Venezia Giulia<\/h3>\n<p>Siamo persone normali che mettono a disposizione il proprio tempo&nbsp; libero per diffondere il messaggio di ADMO &#8211; Associazione donatori midollo osseo.<\/p>\n<p>Siamo pochi sia come volontari che come donatori.<\/p>\n<blockquote>\n<p>La nostra mission \u00e8 stimolare la popolazione giovane ad andare a tipizzarsi e diventare un potenziale&nbsp; donatore il che non significa che io dono &#8220;il mio midollo&#8221;. Significa invece fare un prelievo del sangue che verr\u00e0 tipizzato e soltanto se risulter\u00e0 che il mio sangue \u00e8 compatibile con un ammalato si proceder\u00e0 con la donazione<\/p>\n<\/blockquote>\n<p>ADMO- Associazione Donatori Midollo Osseo Regione Friuli Venezia Giulia nasce nel 1993 grazie ad un gruppo di persone, capitanate dal Gen. Carlo Alberto Del Piero, desiderose di far conoscere anche all\u2019interno della nostra regione la possibilit\u00e0 di salvare una vita con un piccolo gesto.<\/p>\n<p>Cos\u00ec dal \u201993 ad oggi le persone facenti parte dell\u2019associazione hanno cercato di sensibilizzare l\u2019opinione pubblica sulla donazione di midollo osseo mediante l\u2019organizzazione di manifestazioni sportive, sociali, ecc., i<span style=\"font-size: inherit; text-align: var(--text-align);\">ncontrando anche i ragazzi delle varie scuole (elementari, medie, superiori) presenti in regione.<\/span><\/p>\n<p>Gli intensi anni di attivit\u00e0, ci hanno portato ad oggi allo strepitoso numero di 10.000 iscritti al Registro Regionale Donatori Midollo Osseo della nostra regione.<\/p>\n<p>Molto, fin qui \u00e8 stato fatto ma NON BASTA!!! Infatti gli ammalati aumentano sempre pi\u00f9 ed i donatori, invece, diminuiscono in maniera vertiginosa; se anche tu vuoi aiutarci oppure hai delle idee da proporci, vieni a trovarci presso la nostra sede sita a Udine in via Divisione Julia, 18\/a oppure scrivi a&nbsp;<a href=\"mailto:segreteria@admofvg.it\">segreteria@admofvg.it<\/a><span class=\"Apple-converted-space\">&nbsp;<\/span>!<\/p>\t\t\t\t\t\t\t\t<\/div>\n\t\t\t\t<\/div>\n\t\t\t\t\t<\/div>\n\t\t\t\t<\/div>\n\t\t<div class=\"elementor-element elementor-element-662554b e-flex e-con-boxed e-con e-parent\" data-id=\"662554b\" data-element_type=\"container\" data-e-type=\"container\">\n\t\t\t\t\t<div class=\"e-con-inner\">\n\t\t\t\t<div class=\"elementor-element elementor-element-840d509 elementor-widget-divider--view-line elementor-widget elementor-widget-divider\" data-id=\"840d509\" data-element_type=\"widget\" data-e-type=\"widget\" data-widget_type=\"divider.default\">\n\t\t\t\t<div class=\"elementor-widget-container\">\n\t\t\t\t\t\t\t<div class=\"elementor-divider\">\n\t\t\t<span class=\"elementor-divider-separator\">\n\t\t\t\t\t\t<\/span>\n\t\t<\/div>\n\t\t\t\t\t\t<\/div>\n\t\t\t\t<\/div>\n\t\t\t\t\t<\/div>\n\t\t\t\t<\/div>\n\t\t\t\t<\/div>\n\t\t","protected":false},"excerpt":{"rendered":"<p>ADMO Friuli Venezia Giulia Siamo persone normali che mettono a disposizione il proprio tempo&nbsp; libero per diffondere il messaggio di ADMO &#8211; Associazione donatori midollo osseo. Siamo pochi sia come volontari che come donatori. La nostra mission \u00e8 stimolare la popolazione giovane ad andare a tipizzarsi e diventare un potenziale&nbsp; [&hellip;]<\/p>\n","protected":false},"author":1,"featured_media":0,"parent":0,"menu_order":1,"comment_status":"closed","ping_status":"open","template":"","meta":{"_monsterinsights_skip_tracking":false,"_monsterinsights_sitenote_active":false,"_monsterinsights_sitenote_note":"","_monsterinsights_sitenote_category":0,"footnotes":""},"class_list":["post-2","page","type-page","status-publish","hentry"],"yoast_head":"<!-- This site is optimized with the Yoast SEO plugin v27.4 - https:\/\/yoast.com\/product\/yoast-seo-wordpress\/ -->\n<title>Chi Siamo - ADMO FVG<\/title>\n<meta name=\"robots\" content=\"index, follow, max-snippet:-1, max-image-preview:large, max-video-preview:-1\" \/>\n<link rel=\"canonical\" href=\"https:\/\/www.admofvg.it\/site\/chi-siamo\/\" \/>\n<meta property=\"og:locale\" content=\"it_IT\" \/>\n<meta property=\"og:type\" content=\"article\" \/>\n<meta property=\"og:title\" content=\"Chi Siamo - ADMO FVG\" \/>\n<meta property=\"og:description\" content=\"ADMO Friuli Venezia Giulia Siamo persone normali che mettono a disposizione il proprio tempo&nbsp; libero per diffondere il messaggio di ADMO &#8211; Associazione donatori midollo osseo. Siamo pochi sia come volontari che come donatori. La nostra mission \u00e8 stimolare la popolazione giovane ad andare a tipizzarsi e diventare un potenziale&nbsp; [&hellip;]\" \/>\n<meta property=\"og:url\" content=\"https:\/\/www.admofvg.it\/site\/chi-siamo\/\" \/>\n<meta property=\"og:site_name\" content=\"ADMO FVG\" \/>\n<meta property=\"article:publisher\" content=\"https:\/\/it-it.facebook.com\/admo.friuliveneziagiulia\/\" \/>\n<meta property=\"article:modified_time\" content=\"2024-11-14T16:55:24+00:00\" \/>\n<meta name=\"twitter:card\" content=\"summary_large_image\" \/>\n<meta name=\"twitter:label1\" content=\"Tempo di lettura stimato\" \/>\n\t<meta name=\"twitter:data1\" content=\"2 minuti\" \/>\n<script type=\"application\/ld+json\" class=\"yoast-schema-graph\">{\"@context\":\"https:\\\/\\\/schema.org\",\"@graph\":[{\"@type\":\"WebPage\",\"@id\":\"https:\\\/\\\/www.admofvg.it\\\/site\\\/chi-siamo\\\/\",\"url\":\"https:\\\/\\\/www.admofvg.it\\\/site\\\/chi-siamo\\\/\",\"name\":\"Chi Siamo - ADMO FVG\",\"isPartOf\":{\"@id\":\"https:\\\/\\\/www.admofvg.it\\\/site\\\/#website\"},\"datePublished\":\"2015-10-12T10:38:09+00:00\",\"dateModified\":\"2024-11-14T16:55:24+00:00\",\"breadcrumb\":{\"@id\":\"https:\\\/\\\/www.admofvg.it\\\/site\\\/chi-siamo\\\/#breadcrumb\"},\"inLanguage\":\"it-IT\",\"potentialAction\":[{\"@type\":\"ReadAction\",\"target\":[\"https:\\\/\\\/www.admofvg.it\\\/site\\\/chi-siamo\\\/\"]}]},{\"@type\":\"BreadcrumbList\",\"@id\":\"https:\\\/\\\/www.admofvg.it\\\/site\\\/chi-siamo\\\/#breadcrumb\",\"itemListElement\":[{\"@type\":\"ListItem\",\"position\":1,\"name\":\"Home\",\"item\":\"https:\\\/\\\/www.admofvg.it\\\/site\\\/\"},{\"@type\":\"ListItem\",\"position\":2,\"name\":\"Chi Siamo\"}]},{\"@type\":\"WebSite\",\"@id\":\"https:\\\/\\\/www.admofvg.it\\\/site\\\/#website\",\"url\":\"https:\\\/\\\/www.admofvg.it\\\/site\\\/\",\"name\":\"ADMO FVG\",\"description\":\"ADMO Friuli Venezia Giulia\",\"potentialAction\":[{\"@type\":\"SearchAction\",\"target\":{\"@type\":\"EntryPoint\",\"urlTemplate\":\"https:\\\/\\\/www.admofvg.it\\\/site\\\/?s={search_term_string}\"},\"query-input\":{\"@type\":\"PropertyValueSpecification\",\"valueRequired\":true,\"valueName\":\"search_term_string\"}}],\"inLanguage\":\"it-IT\"}]}<\/script>\n<!-- \/ Yoast SEO plugin. -->","yoast_head_json":{"title":"Chi Siamo - ADMO FVG","robots":{"index":"index","follow":"follow","max-snippet":"max-snippet:-1","max-image-preview":"max-image-preview:large","max-video-preview":"max-video-preview:-1"},"canonical":"https:\/\/www.admofvg.it\/site\/chi-siamo\/","og_locale":"it_IT","og_type":"article","og_title":"Chi Siamo - ADMO FVG","og_description":"ADMO Friuli Venezia Giulia Siamo persone normali che mettono a disposizione il proprio tempo&nbsp; libero per diffondere il messaggio di ADMO &#8211; Associazione donatori midollo osseo. Siamo pochi sia come volontari che come donatori. La nostra mission \u00e8 stimolare la popolazione giovane ad andare a tipizzarsi e diventare un potenziale&nbsp; [&hellip;]","og_url":"https:\/\/www.admofvg.it\/site\/chi-siamo\/","og_site_name":"ADMO FVG","article_publisher":"https:\/\/it-it.facebook.com\/admo.friuliveneziagiulia\/","article_modified_time":"2024-11-14T16:55:24+00:00","twitter_card":"summary_large_image","twitter_misc":{"Tempo di lettura stimato":"2 minuti"},"schema":{"@context":"https:\/\/schema.org","@graph":[{"@type":"WebPage","@id":"https:\/\/www.admofvg.it\/site\/chi-siamo\/","url":"https:\/\/www.admofvg.it\/site\/chi-siamo\/","name":"Chi Siamo - ADMO FVG","isPartOf":{"@id":"https:\/\/www.admofvg.it\/site\/#website"},"datePublished":"2015-10-12T10:38:09+00:00","dateModified":"2024-11-14T16:55:24+00:00","breadcrumb":{"@id":"https:\/\/www.admofvg.it\/site\/chi-siamo\/#breadcrumb"},"inLanguage":"it-IT","potentialAction":[{"@type":"ReadAction","target":["https:\/\/www.admofvg.it\/site\/chi-siamo\/"]}]},{"@type":"BreadcrumbList","@id":"https:\/\/www.admofvg.it\/site\/chi-siamo\/#breadcrumb","itemListElement":[{"@type":"ListItem","position":1,"name":"Home","item":"https:\/\/www.admofvg.it\/site\/"},{"@type":"ListItem","position":2,"name":"Chi Siamo"}]},{"@type":"WebSite","@id":"https:\/\/www.admofvg.it\/site\/#website","url":"https:\/\/www.admofvg.it\/site\/","name":"ADMO FVG","description":"ADMO Friuli Venezia Giulia","potentialAction":[{"@type":"SearchAction","target":{"@type":"EntryPoint","urlTemplate":"https:\/\/www.admofvg.it\/site\/?s={search_term_string}"},"query-input":{"@type":"PropertyValueSpecification","valueRequired":true,"valueName":"search_term_string"}}],"inLanguage":"it-IT"}]}},"_links":{"self":[{"href":"https:\/\/www.admofvg.it\/site\/wp-json\/wp\/v2\/pages\/2","targetHints":{"allow":["GET"]}}],"collection":[{"href":"https:\/\/www.admofvg.it\/site\/wp-json\/wp\/v2\/pages"}],"about":[{"href":"https:\/\/www.admofvg.it\/site\/wp-json\/wp\/v2\/types\/page"}],"author":[{"embeddable":true,"href":"https:\/\/www.admofvg.it\/site\/wp-json\/wp\/v2\/users\/1"}],"replies":[{"embeddable":true,"href":"https:\/\/www.admofvg.it\/site\/wp-json\/wp\/v2\/comments?post=2"}],"version-history":[{"count":29,"href":"https:\/\/www.admofvg.it\/site\/wp-json\/wp\/v2\/pages\/2\/revisions"}],"predecessor-version":[{"id":2195,"href":"https:\/\/www.admofvg.it\/site\/wp-json\/wp\/v2\/pages\/2\/revisions\/2195"}],"wp:attachment":[{"href":"https:\/\/www.admofvg.it\/site\/wp-json\/wp\/v2\/media?parent=2"}],"curies":[{"name":"wp","href":"https:\/\/api.w.org\/{rel}","templated":true}]}}